{"id":164,"date":"2024-05-03T02:07:05","date_gmt":"2024-05-03T05:07:05","guid":{"rendered":"https:\/\/loja.treineprimefit.com.br\/prime1\/?page_id=164"},"modified":"2024-05-03T02:07:05","modified_gmt":"2024-05-03T05:07:05","slug":"planos","status":"publish","type":"page","link":"https:\/\/loja.treineprimefit.com.br\/prime1\/planos\/","title":{"rendered":"PLANOS"},"content":{"rendered":"\n        <style>\n            .print_plano_box {\n                min-height:300px;\n                background-color: var(--botao-cor-escuro);\n                color:white;\n                padding: 5%;\n                margin: 1%;\n                margin-bottom: 2%;\n                border-radius: 10px;\n                text-align: center;\n            }\n            .print_plano_box h2 {\n                color:white;\n                text-align: center;\n                font-weight: bold;\n            }\n            .print_plano_box .wp-block-buttons {\n                display: flex !important;\n                justify-content: center !important;\n                align-items: center !important;\n                flex-wrap: wrap !important;\n                gap: 10px !important;\n                width: 100% !important;\n            }\n            .print_plano_box .wp-block-buttons.is-content-justification-center {\n                display: flex !important;\n                justify-content: center !important;\n                align-items: center !important;\n                flex-wrap: wrap !important;\n                gap: 10px !important;\n            }\n            .print_plano_box .wp-block-buttons .wp-block-button {\n                margin: 5px !important;\n                flex: 0 0 auto !important;\n            }\n            .print_plano_box .wp-block-button__link {\n                border-radius: 5px !important;\n                padding: 10px 20px !important;\n                display: inline-block !important;\n            }\n            .print_plano_box .wc-block-featured-product__link {\n                padding-bottom: 15px;\n                text-align: center !important;\n                width: 100% !important;\n            }\n            @media (max-width: 768px) {\n                .print_plano_box .wp-block-buttons.is-content-justification-center {\n                    display: flex !important;\n                    flex-direction: column !important;\n                    align-items: center !important;\n                    justify-content: center !important;\n                }\n                .print_plano_box .wp-block-buttons .wp-block-button {\n                    margin: 3px !important;\n                    width: 90% !important;\n                }\n                .print_plano_box .wp-block-button__link {\n                    display: block !important;\n                    width: 100% !important;\n                }\n            }\n        <\/style>\n\n\n        <div class=\"print_plano_box\">\n            <div class=\"wc-block-featured-product__wrapper\">\n                <div class=\"background-dim__overlay\" style=\"background-color: #000000\">\n                <\/div>\n                <h2 class=\"wc-block-featured-product__title\">\n                    PROMO ANUAL\n                <\/h2>\n                <div class=\"wc-block-featured-product__description\">\n                    PLANO ANUAL.<br> Matricule-se em uma unidade e tenha acesso \u00e0 todas as unidades Prime Fit.<br>\n                <\/div><div class=\"wc-block-featured-product__price-extenso\">12x R$ 59,90 ou R$ 650,00 \u00e0 vista<\/div>\n                <br>\n                <div class=\"wc-block-featured-product__link\">\n                    <div class=\"wp-block-buttons is-content-justification-center is-layout-flex wp-container-core-buttons-is-layout-1 wp-block-buttons-is-layout-flex\">\n                        <div class=\"wp-block-button\">\n                            <a class=\"wp-block-button__link wp-element-button\" href=\"https:\/\/loja.treineprimefit.com.br\/prime1\/produto\/plano-anual\">\n                                Informa\u00e7\u00f5es do plano\n                            <\/a>\n                        <\/div>\n                        <div class=\"wp-block-button\">\n                            <a class=\"wp-block-button__link wp-element-button\" href=\"https:\/\/loja.treineprimefit.com.br\/prime1\/carrinho\/?add-to-cart=1458&redirect=https%3A%2F%2Floja.treineprimefit.com.br%2Fprime1%2Favaliacao-fisica\">\n                                Compre agora\n                            <\/a>\n                        <\/div>\n                    <\/div>\n                <\/div>\n            <\/div>\n        <\/div>\n    \n        <style>\n            .print_plano_box {\n                min-height:300px;\n                background-color: var(--botao-cor-escuro);\n                color:white;\n                padding: 5%;\n                margin: 1%;\n                margin-bottom: 2%;\n                border-radius: 10px;\n                text-align: center;\n            }\n            .print_plano_box h2 {\n                color:white;\n                text-align: center;\n                font-weight: bold;\n            }\n            .print_plano_box .wp-block-buttons {\n                display: flex !important;\n                justify-content: center !important;\n                align-items: center !important;\n                flex-wrap: wrap !important;\n                gap: 10px !important;\n                width: 100% !important;\n            }\n            .print_plano_box .wp-block-buttons.is-content-justification-center {\n                display: flex !important;\n                justify-content: center !important;\n                align-items: center !important;\n                flex-wrap: wrap !important;\n                gap: 10px !important;\n            }\n            .print_plano_box .wp-block-buttons .wp-block-button {\n                margin: 5px !important;\n                flex: 0 0 auto !important;\n            }\n            .print_plano_box .wp-block-button__link {\n                border-radius: 5px !important;\n                padding: 10px 20px !important;\n                display: inline-block !important;\n            }\n            .print_plano_box .wc-block-featured-product__link {\n                padding-bottom: 15px;\n                text-align: center !important;\n                width: 100% !important;\n            }\n            @media (max-width: 768px) {\n                .print_plano_box .wp-block-buttons.is-content-justification-center {\n                    display: flex !important;\n                    flex-direction: column !important;\n                    align-items: center !important;\n                    justify-content: center !important;\n                }\n                .print_plano_box .wp-block-buttons .wp-block-button {\n                    margin: 3px !important;\n                    width: 90% !important;\n                }\n                .print_plano_box .wp-block-button__link {\n                    display: block !important;\n                    width: 100% !important;\n                }\n            }\n        <\/style>\n\n\n        <div class=\"print_plano_box\">\n            <div class=\"wc-block-featured-product__wrapper\">\n                <div class=\"background-dim__overlay\" style=\"background-color: #000000\">\n                <\/div>\n                <h2 class=\"wc-block-featured-product__title\">\n                    PLANO 9 MESES + 2 FREE\n                <\/h2>\n                <div class=\"wc-block-featured-product__description\">\n                    PROMO\u00c7\u00c3O PLANO 9 MESES + 2 BRINDE.<br> Matricule-se em uma unidade e tenha acesso \u00e0 todas as unidades Prime Fit.<br>\n                <\/div><div class=\"wc-block-featured-product__price-extenso\">9x R$ 79,90 ou R$ 660,00 \u00e0 vista<\/div>\n                <br>\n                <div class=\"wc-block-featured-product__link\">\n                    <div class=\"wp-block-buttons is-content-justification-center is-layout-flex wp-container-core-buttons-is-layout-1 wp-block-buttons-is-layout-flex\">\n                        <div class=\"wp-block-button\">\n                            <a class=\"wp-block-button__link wp-element-button\" href=\"https:\/\/loja.treineprimefit.com.br\/prime1\/produto\/promo-9-meses-2-free\">\n                                Informa\u00e7\u00f5es do plano\n                            <\/a>\n                        <\/div>\n                        <div class=\"wp-block-button\">\n                            <a class=\"wp-block-button__link wp-element-button\" href=\"https:\/\/loja.treineprimefit.com.br\/prime1\/carrinho\/?add-to-cart=1487&redirect=https%3A%2F%2Floja.treineprimefit.com.br%2Fprime1%2Favaliacao-fisica\">\n                                Compre agora\n                            <\/a>\n                        <\/div>\n                    <\/div>\n                <\/div>\n            <\/div>\n        <\/div>\n    \n        <style>\n            .print_plano_box {\n                min-height:300px;\n                background-color: var(--botao-cor-escuro);\n                color:white;\n                padding: 5%;\n                margin: 1%;\n                margin-bottom: 2%;\n                border-radius: 10px;\n                text-align: center;\n            }\n            .print_plano_box h2 {\n                color:white;\n                text-align: center;\n                font-weight: bold;\n            }\n            .print_plano_box .wp-block-buttons {\n                display: flex !important;\n                justify-content: center !important;\n                align-items: center !important;\n                flex-wrap: wrap !important;\n                gap: 10px !important;\n                width: 100% !important;\n            }\n            .print_plano_box .wp-block-buttons.is-content-justification-center {\n                display: flex !important;\n                justify-content: center !important;\n                align-items: center !important;\n                flex-wrap: wrap !important;\n                gap: 10px !important;\n            }\n            .print_plano_box .wp-block-buttons .wp-block-button {\n                margin: 5px !important;\n                flex: 0 0 auto !important;\n            }\n            .print_plano_box .wp-block-button__link {\n                border-radius: 5px !important;\n                padding: 10px 20px !important;\n                display: inline-block !important;\n            }\n            .print_plano_box .wc-block-featured-product__link {\n                padding-bottom: 15px;\n                text-align: center !important;\n                width: 100% !important;\n            }\n            @media (max-width: 768px) {\n                .print_plano_box .wp-block-buttons.is-content-justification-center {\n                    display: flex !important;\n                    flex-direction: column !important;\n                    align-items: center !important;\n                    justify-content: center !important;\n                }\n                .print_plano_box .wp-block-buttons .wp-block-button {\n                    margin: 3px !important;\n                    width: 90% !important;\n                }\n                .print_plano_box .wp-block-button__link {\n                    display: block !important;\n                    width: 100% !important;\n                }\n            }\n        <\/style>\n\n\n        <div class=\"print_plano_box\">\n            <div class=\"wc-block-featured-product__wrapper\">\n                <div class=\"background-dim__overlay\" style=\"background-color: #000000\">\n                <\/div>\n                <h2 class=\"wc-block-featured-product__title\">\n                    PLANO SEMESTRAL\n                <\/h2>\n                <div class=\"wc-block-featured-product__description\">\n                    PLANO SEMESTRAL.<br> Matricule-se em uma unidade e tenha acesso \u00e0 todas as unidades Prime Fit.<br> Plano semestral - 06 meses.<br>\n                <\/div><div class=\"wc-block-featured-product__price-extenso\">6x R$ 99,90 ou R$520,00 \u00e0 vista.<\/div>\n                <br>\n                <div class=\"wc-block-featured-product__link\">\n                    <div class=\"wp-block-buttons is-content-justification-center is-layout-flex wp-container-core-buttons-is-layout-1 wp-block-buttons-is-layout-flex\">\n                        <div class=\"wp-block-button\">\n                            <a class=\"wp-block-button__link wp-element-button\" href=\"https:\/\/loja.treineprimefit.com.br\/prime1\/produto\/promo-semestral-black\">\n                                Informa\u00e7\u00f5es do plano\n                            <\/a>\n                        <\/div>\n                        <div class=\"wp-block-button\">\n                            <a class=\"wp-block-button__link wp-element-button\" href=\"https:\/\/loja.treineprimefit.com.br\/prime1\/carrinho\/?add-to-cart=1104&redirect=https%3A%2F%2Floja.treineprimefit.com.br%2Fprime1%2Favaliacao-fisica\">\n                                Compre agora\n                            <\/a>\n                        <\/div>\n                    <\/div>\n                <\/div>\n            <\/div>\n        <\/div>\n    \n        <style>\n            .print_plano_box {\n                min-height:300px;\n                background-color: var(--botao-cor-escuro);\n                color:white;\n                padding: 5%;\n                margin: 1%;\n                margin-bottom: 2%;\n                border-radius: 10px;\n                text-align: center;\n            }\n            .print_plano_box h2 {\n                color:white;\n                text-align: center;\n                font-weight: bold;\n            }\n            .print_plano_box .wp-block-buttons {\n                display: flex !important;\n                justify-content: center !important;\n                align-items: center !important;\n                flex-wrap: wrap !important;\n                gap: 10px !important;\n                width: 100% !important;\n            }\n            .print_plano_box .wp-block-buttons.is-content-justification-center {\n                display: flex !important;\n                justify-content: center !important;\n                align-items: center !important;\n                flex-wrap: wrap !important;\n                gap: 10px !important;\n            }\n            .print_plano_box .wp-block-buttons .wp-block-button {\n                margin: 5px !important;\n                flex: 0 0 auto !important;\n            }\n            .print_plano_box .wp-block-button__link {\n                border-radius: 5px !important;\n                padding: 10px 20px !important;\n                display: inline-block !important;\n            }\n            .print_plano_box .wc-block-featured-product__link {\n                padding-bottom: 15px;\n                text-align: center !important;\n                width: 100% !important;\n            }\n            @media (max-width: 768px) {\n                .print_plano_box .wp-block-buttons.is-content-justification-center {\n                    display: flex !important;\n                    flex-direction: column !important;\n                    align-items: center !important;\n                    justify-content: center !important;\n                }\n                .print_plano_box .wp-block-buttons .wp-block-button {\n                    margin: 3px !important;\n                    width: 90% !important;\n                }\n                .print_plano_box .wp-block-button__link {\n                    display: block !important;\n                    width: 100% !important;\n                }\n            }\n        <\/style>\n\n\n        <div class=\"print_plano_box\">\n            <div class=\"wc-block-featured-product__wrapper\">\n                <div class=\"background-dim__overlay\" style=\"background-color: #000000\">\n                <\/div>\n                <h2 class=\"wc-block-featured-product__title\">\n                    PLANO RECORRENTE BLACK\n                <\/h2>\n                <div class=\"wc-block-featured-product__description\">\n                    Matricule-se em uma unidade e tenha acesso \u00e0 todas as unidades Prime Fit.<br>\r\n\r\nUnidade para matr\u00edcula: Balne\u00e1rio Cambori\u00fa - Avenida Central 335.<br>\n                <\/div><div class=\"wc-block-featured-product__price-extenso\">Valor mensal R$ 139,00<\/div>\n                <br>\n                <div class=\"wc-block-featured-product__link\">\n                    <div class=\"wp-block-buttons is-content-justification-center is-layout-flex wp-container-core-buttons-is-layout-1 wp-block-buttons-is-layout-flex\">\n                        <div class=\"wp-block-button\">\n                            <a class=\"wp-block-button__link wp-element-button\" href=\"https:\/\/loja.treineprimefit.com.br\/prime1\/produto\/plano-recorrente-black\">\n                                Informa\u00e7\u00f5es do plano\n                            <\/a>\n                        <\/div>\n                        <div class=\"wp-block-button\">\n                            <a class=\"wp-block-button__link wp-element-button\" href=\"https:\/\/loja.treineprimefit.com.br\/prime1\/carrinho\/?add-to-cart=11&redirect=https%3A%2F%2Floja.treineprimefit.com.br%2Fprime1%2Favaliacao-fisica\">\n                                Compre agora\n                            <\/a>\n                        <\/div>\n                    <\/div>\n                <\/div>\n            <\/div>\n        <\/div>\n    \n","protected":false},"excerpt":{"rendered":"","protected":false},"author":1,"featured_media":0,"parent":0,"menu_order":0,"comment_status":"closed","ping_status":"closed","template":"","meta":{"footnotes":""},"class_list":["post-164","page","type-page","status-publish","hentry"],"yoast_head":"<!-- This site is optimized with the Yoast SEO plugin v27.0 - https:\/\/yoast.com\/product\/yoast-seo-wordpress\/ -->\n<title>PLANOS - PRIME FIT - BALNE\u00c1RIO CAMBORI\u00da - AV CENTRAL<\/title>\n<meta name=\"robots\" content=\"index, follow, max-snippet:-1, max-image-preview:large, max-video-preview:-1\" \/>\n<link rel=\"canonical\" href=\"https:\/\/loja.treineprimefit.com.br\/prime1\/planos\/\" \/>\n<meta property=\"og:locale\" content=\"pt_BR\" \/>\n<meta property=\"og:type\" content=\"article\" \/>\n<meta property=\"og:title\" content=\"PLANOS - PRIME FIT - BALNE\u00c1RIO CAMBORI\u00da - AV CENTRAL\" \/>\n<meta property=\"og:url\" content=\"https:\/\/loja.treineprimefit.com.br\/prime1\/planos\/\" \/>\n<meta property=\"og:site_name\" content=\"PRIME FIT - BALNE\u00c1RIO CAMBORI\u00da - AV CENTRAL\" \/>\n<meta name=\"twitter:card\" content=\"summary_large_image\" \/>\n<script type=\"application\/ld+json\" class=\"yoast-schema-graph\">{\"@context\":\"https:\/\/schema.org\",\"@graph\":[{\"@type\":\"WebPage\",\"@id\":\"https:\/\/loja.treineprimefit.com.br\/prime1\/planos\/\",\"url\":\"https:\/\/loja.treineprimefit.com.br\/prime1\/planos\/\",\"name\":\"PLANOS - PRIME FIT - BALNE\u00c1RIO CAMBORI\u00da - AV CENTRAL\",\"isPartOf\":{\"@id\":\"https:\/\/loja.treineprimefit.com.br\/prime1\/#website\"},\"datePublished\":\"2024-05-03T05:07:05+00:00\",\"breadcrumb\":{\"@id\":\"https:\/\/loja.treineprimefit.com.br\/prime1\/planos\/#breadcrumb\"},\"inLanguage\":\"pt-BR\",\"potentialAction\":[{\"@type\":\"ReadAction\",\"target\":[\"https:\/\/loja.treineprimefit.com.br\/prime1\/planos\/\"]}]},{\"@type\":\"BreadcrumbList\",\"@id\":\"https:\/\/loja.treineprimefit.com.br\/prime1\/planos\/#breadcrumb\",\"itemListElement\":[{\"@type\":\"ListItem\",\"position\":1,\"name\":\"In\u00edcio\",\"item\":\"https:\/\/loja.treineprimefit.com.br\/prime1\/\"},{\"@type\":\"ListItem\",\"position\":2,\"name\":\"PLANOS\"}]},{\"@type\":\"WebSite\",\"@id\":\"https:\/\/loja.treineprimefit.com.br\/prime1\/#website\",\"url\":\"https:\/\/loja.treineprimefit.com.br\/prime1\/\",\"name\":\"PRIME FIT - BALNE\u00c1RIO CAMBORI\u00da - AV CENTRAL\",\"description\":\"\",\"publisher\":{\"@id\":\"https:\/\/loja.treineprimefit.com.br\/prime1\/#organization\"},\"potentialAction\":[{\"@type\":\"SearchAction\",\"target\":{\"@type\":\"EntryPoint\",\"urlTemplate\":\"https:\/\/loja.treineprimefit.com.br\/prime1\/?s={search_term_string}\"},\"query-input\":{\"@type\":\"PropertyValueSpecification\",\"valueRequired\":true,\"valueName\":\"search_term_string\"}}],\"inLanguage\":\"pt-BR\"},{\"@type\":\"Organization\",\"@id\":\"https:\/\/loja.treineprimefit.com.br\/prime1\/#organization\",\"name\":\"PRIME FIT - BALNE\u00c1RIO CAMBORI\u00da - AV CENTRAL\",\"url\":\"https:\/\/loja.treineprimefit.com.br\/prime1\/\",\"logo\":{\"@type\":\"ImageObject\",\"inLanguage\":\"pt-BR\",\"@id\":\"https:\/\/loja.treineprimefit.com.br\/prime1\/#\/schema\/logo\/image\/\",\"url\":\"https:\/\/loja.treineprimefit.com.br\/prime1\/wp-content\/uploads\/sites\/2\/2025\/06\/fundo-prime.png\",\"contentUrl\":\"https:\/\/loja.treineprimefit.com.br\/prime1\/wp-content\/uploads\/sites\/2\/2025\/06\/fundo-prime.png\",\"width\":1600,\"height\":900,\"caption\":\"PRIME FIT - BALNE\u00c1RIO CAMBORI\u00da - AV CENTRAL\"},\"image\":{\"@id\":\"https:\/\/loja.treineprimefit.com.br\/prime1\/#\/schema\/logo\/image\/\"},\"sameAs\":[\"https:\/\/instagram.com\/primefit_oficial\"]}]}<\/script>\n<!-- \/ Yoast SEO plugin. -->","yoast_head_json":{"title":"PLANOS - PRIME FIT - BALNE\u00c1RIO CAMBORI\u00da - AV CENTRAL","robots":{"index":"index","follow":"follow","max-snippet":"max-snippet:-1","max-image-preview":"max-image-preview:large","max-video-preview":"max-video-preview:-1"},"canonical":"https:\/\/loja.treineprimefit.com.br\/prime1\/planos\/","og_locale":"pt_BR","og_type":"article","og_title":"PLANOS - PRIME FIT - BALNE\u00c1RIO CAMBORI\u00da - AV CENTRAL","og_url":"https:\/\/loja.treineprimefit.com.br\/prime1\/planos\/","og_site_name":"PRIME FIT - BALNE\u00c1RIO CAMBORI\u00da - AV CENTRAL","twitter_card":"summary_large_image","schema":{"@context":"https:\/\/schema.org","@graph":[{"@type":"WebPage","@id":"https:\/\/loja.treineprimefit.com.br\/prime1\/planos\/","url":"https:\/\/loja.treineprimefit.com.br\/prime1\/planos\/","name":"PLANOS - PRIME FIT - BALNE\u00c1RIO CAMBORI\u00da - AV CENTRAL","isPartOf":{"@id":"https:\/\/loja.treineprimefit.com.br\/prime1\/#website"},"datePublished":"2024-05-03T05:07:05+00:00","breadcrumb":{"@id":"https:\/\/loja.treineprimefit.com.br\/prime1\/planos\/#breadcrumb"},"inLanguage":"pt-BR","potentialAction":[{"@type":"ReadAction","target":["https:\/\/loja.treineprimefit.com.br\/prime1\/planos\/"]}]},{"@type":"BreadcrumbList","@id":"https:\/\/loja.treineprimefit.com.br\/prime1\/planos\/#breadcrumb","itemListElement":[{"@type":"ListItem","position":1,"name":"In\u00edcio","item":"https:\/\/loja.treineprimefit.com.br\/prime1\/"},{"@type":"ListItem","position":2,"name":"PLANOS"}]},{"@type":"WebSite","@id":"https:\/\/loja.treineprimefit.com.br\/prime1\/#website","url":"https:\/\/loja.treineprimefit.com.br\/prime1\/","name":"PRIME FIT - BALNE\u00c1RIO CAMBORI\u00da - AV CENTRAL","description":"","publisher":{"@id":"https:\/\/loja.treineprimefit.com.br\/prime1\/#organization"},"potentialAction":[{"@type":"SearchAction","target":{"@type":"EntryPoint","urlTemplate":"https:\/\/loja.treineprimefit.com.br\/prime1\/?s={search_term_string}"},"query-input":{"@type":"PropertyValueSpecification","valueRequired":true,"valueName":"search_term_string"}}],"inLanguage":"pt-BR"},{"@type":"Organization","@id":"https:\/\/loja.treineprimefit.com.br\/prime1\/#organization","name":"PRIME FIT - BALNE\u00c1RIO CAMBORI\u00da - AV CENTRAL","url":"https:\/\/loja.treineprimefit.com.br\/prime1\/","logo":{"@type":"ImageObject","inLanguage":"pt-BR","@id":"https:\/\/loja.treineprimefit.com.br\/prime1\/#\/schema\/logo\/image\/","url":"https:\/\/loja.treineprimefit.com.br\/prime1\/wp-content\/uploads\/sites\/2\/2025\/06\/fundo-prime.png","contentUrl":"https:\/\/loja.treineprimefit.com.br\/prime1\/wp-content\/uploads\/sites\/2\/2025\/06\/fundo-prime.png","width":1600,"height":900,"caption":"PRIME FIT - BALNE\u00c1RIO CAMBORI\u00da - AV CENTRAL"},"image":{"@id":"https:\/\/loja.treineprimefit.com.br\/prime1\/#\/schema\/logo\/image\/"},"sameAs":["https:\/\/instagram.com\/primefit_oficial"]}]}},"jetpack_sharing_enabled":true,"_links":{"self":[{"href":"https:\/\/loja.treineprimefit.com.br\/prime1\/wp-json\/wp\/v2\/pages\/164","targetHints":{"allow":["GET"]}}],"collection":[{"href":"https:\/\/loja.treineprimefit.com.br\/prime1\/wp-json\/wp\/v2\/pages"}],"about":[{"href":"https:\/\/loja.treineprimefit.com.br\/prime1\/wp-json\/wp\/v2\/types\/page"}],"author":[{"embeddable":true,"href":"https:\/\/loja.treineprimefit.com.br\/prime1\/wp-json\/wp\/v2\/users\/1"}],"replies":[{"embeddable":true,"href":"https:\/\/loja.treineprimefit.com.br\/prime1\/wp-json\/wp\/v2\/comments?post=164"}],"version-history":[{"count":1,"href":"https:\/\/loja.treineprimefit.com.br\/prime1\/wp-json\/wp\/v2\/pages\/164\/revisions"}],"predecessor-version":[{"id":165,"href":"https:\/\/loja.treineprimefit.com.br\/prime1\/wp-json\/wp\/v2\/pages\/164\/revisions\/165"}],"wp:attachment":[{"href":"https:\/\/loja.treineprimefit.com.br\/prime1\/wp-json\/wp\/v2\/media?parent=164"}],"curies":[{"name":"wp","href":"https:\/\/api.w.org\/{rel}","templated":true}]}}