{"id":1518,"date":"2025-11-12T12:56:51","date_gmt":"2025-11-12T15:56:51","guid":{"rendered":"https:\/\/loja.treineprimefit.com.br\/prime3\/?post_type=product&#038;p=1518"},"modified":"2026-01-05T10:33:20","modified_gmt":"2026-01-05T13:33:20","slug":"promo-semestral-black","status":"publish","type":"product","link":"https:\/\/loja.treineprimefit.com.br\/prime3\/produto\/promo-semestral-black\/","title":{"rendered":"PLANO SEMESTRAL"},"content":{"rendered":"<p>Plano Semestral &#8211; 06 meses &#8211; 6x R$ 99,90 ou R$520,00 \u00e0 vista<\/p>\n<ul>\n<li>Valor total do Plano: R$599,40, parcelado em at\u00e9 6&#215;99,90 ou R$520,00 \u00e0 vista (cr\u00e9dito 1x).<\/li>\n<li>Sem taxa de ades\u00e3o<\/li>\n<li>Sem taxa de manuten\u00e7\u00e3o<\/li>\n<li>Sem taxa de anuidade<\/li>\n<\/ul>\n<p>O plano inclui:<\/p>\n<ul>\n<li>Hor\u00e1rio livre<\/li>\n<li>Sem limite de acessos<\/li>\n<li>Acesso a todas as unidades da rede Prime Fit<\/li>\n<li>\u00c1rea de muscula\u00e7\u00e3o e aer\u00f3bicos<\/li>\n<li>Aulas de gin\u00e1stica e dan\u00e7a<\/li>\n<\/ul>\n<p>Menores de 18 anos:<\/p>\n<ul>\n<li>Menores de 18 anos precisam da presen\u00e7a do respons\u00e1vel na academia para assinatura dos contratos<\/li>\n<li>N\u00e3o ser\u00e3o vendidos planos para menores de 14 anos<\/li>\n<\/ul>\n","protected":false},"excerpt":{"rendered":"<p>PLANO SEMESTRAL. Matricule-se em uma unidade e tenha acesso \u00e0 todas as unidades Prime Fit. Plano semestral &#8211; 06 meses.<\/p>\n","protected":false},"featured_media":0,"template":"","meta":[],"product_brand":[],"product_cat":[17],"product_tag":[],"class_list":{"0":"post-1518","1":"product","2":"type-product","3":"status-publish","5":"product_cat-planos","7":"first","8":"instock","9":"virtual","10":"sold-individually","11":"purchasable","12":"product-type-simple"},"yoast_head":"<!-- This site is optimized with the Yoast SEO plugin v27.0 - https:\/\/yoast.com\/product\/yoast-seo-wordpress\/ -->\n<title>PLANO SEMESTRAL - PRIME FIT - ITAPEMA - MEIA PRAIA<\/title>\n<meta name=\"robots\" content=\"index, follow, max-snippet:-1, max-image-preview:large, max-video-preview:-1\" \/>\n<link rel=\"canonical\" href=\"https:\/\/loja.treineprimefit.com.br\/prime3\/produto\/promo-semestral-black\/\" \/>\n<meta property=\"og:locale\" content=\"pt_BR\" \/>\n<meta property=\"og:type\" content=\"article\" \/>\n<meta property=\"og:title\" content=\"PLANO SEMESTRAL - PRIME FIT - ITAPEMA - MEIA PRAIA\" \/>\n<meta property=\"og:description\" content=\"PLANO SEMESTRAL. Matricule-se em uma unidade e tenha acesso \u00e0 todas as unidades Prime Fit. Plano semestral - 06 meses.\" \/>\n<meta property=\"og:url\" content=\"https:\/\/loja.treineprimefit.com.br\/prime3\/produto\/promo-semestral-black\/\" \/>\n<meta property=\"og:site_name\" content=\"PRIME FIT - ITAPEMA - MEIA PRAIA\" \/>\n<meta property=\"article:modified_time\" content=\"2026-01-05T13:33:20+00:00\" \/>\n<meta name=\"twitter:card\" content=\"summary_large_image\" \/>\n<meta name=\"twitter:label1\" content=\"Est. tempo de leitura\" \/>\n\t<meta name=\"twitter:data1\" content=\"1 minuto\" \/>\n<script type=\"application\/ld+json\" class=\"yoast-schema-graph\">{\"@context\":\"https:\/\/schema.org\",\"@graph\":[{\"@type\":\"WebPage\",\"@id\":\"https:\/\/loja.treineprimefit.com.br\/prime3\/produto\/promo-semestral-black\/\",\"url\":\"https:\/\/loja.treineprimefit.com.br\/prime3\/produto\/promo-semestral-black\/\",\"name\":\"PLANO SEMESTRAL - PRIME FIT - ITAPEMA - MEIA PRAIA\",\"isPartOf\":{\"@id\":\"https:\/\/loja.treineprimefit.com.br\/prime3\/#website\"},\"datePublished\":\"2025-11-12T15:56:51+00:00\",\"dateModified\":\"2026-01-05T13:33:20+00:00\",\"breadcrumb\":{\"@id\":\"https:\/\/loja.treineprimefit.com.br\/prime3\/produto\/promo-semestral-black\/#breadcrumb\"},\"inLanguage\":\"pt-BR\",\"potentialAction\":[{\"@type\":\"ReadAction\",\"target\":[\"https:\/\/loja.treineprimefit.com.br\/prime3\/produto\/promo-semestral-black\/\"]}]},{\"@type\":\"BreadcrumbList\",\"@id\":\"https:\/\/loja.treineprimefit.com.br\/prime3\/produto\/promo-semestral-black\/#breadcrumb\",\"itemListElement\":[{\"@type\":\"ListItem\",\"position\":1,\"name\":\"In\u00edcio\",\"item\":\"https:\/\/loja.treineprimefit.com.br\/prime3\/\"},{\"@type\":\"ListItem\",\"position\":2,\"name\":\"Loja\",\"item\":\"https:\/\/loja.treineprimefit.com.br\/prime3\/loja\/\"},{\"@type\":\"ListItem\",\"position\":3,\"name\":\"PLANO SEMESTRAL\"}]},{\"@type\":\"WebSite\",\"@id\":\"https:\/\/loja.treineprimefit.com.br\/prime3\/#website\",\"url\":\"https:\/\/loja.treineprimefit.com.br\/prime3\/\",\"name\":\"PRIME FIT - ITAPEMA - MEIA PRAIA\",\"description\":\"\",\"potentialAction\":[{\"@type\":\"SearchAction\",\"target\":{\"@type\":\"EntryPoint\",\"urlTemplate\":\"https:\/\/loja.treineprimefit.com.br\/prime3\/?s={search_term_string}\"},\"query-input\":{\"@type\":\"PropertyValueSpecification\",\"valueRequired\":true,\"valueName\":\"search_term_string\"}}],\"inLanguage\":\"pt-BR\"}]}<\/script>\n<!-- \/ Yoast SEO plugin. -->","yoast_head_json":{"title":"PLANO SEMESTRAL - PRIME FIT - ITAPEMA - MEIA PRAIA","robots":{"index":"index","follow":"follow","max-snippet":"max-snippet:-1","max-image-preview":"max-image-preview:large","max-video-preview":"max-video-preview:-1"},"canonical":"https:\/\/loja.treineprimefit.com.br\/prime3\/produto\/promo-semestral-black\/","og_locale":"pt_BR","og_type":"article","og_title":"PLANO SEMESTRAL - PRIME FIT - ITAPEMA - MEIA PRAIA","og_description":"PLANO SEMESTRAL. Matricule-se em uma unidade e tenha acesso \u00e0 todas as unidades Prime Fit. Plano semestral - 06 meses.","og_url":"https:\/\/loja.treineprimefit.com.br\/prime3\/produto\/promo-semestral-black\/","og_site_name":"PRIME FIT - ITAPEMA - MEIA PRAIA","article_modified_time":"2026-01-05T13:33:20+00:00","twitter_card":"summary_large_image","twitter_misc":{"Est. tempo de leitura":"1 minuto"},"schema":{"@context":"https:\/\/schema.org","@graph":[{"@type":"WebPage","@id":"https:\/\/loja.treineprimefit.com.br\/prime3\/produto\/promo-semestral-black\/","url":"https:\/\/loja.treineprimefit.com.br\/prime3\/produto\/promo-semestral-black\/","name":"PLANO SEMESTRAL - PRIME FIT - ITAPEMA - MEIA PRAIA","isPartOf":{"@id":"https:\/\/loja.treineprimefit.com.br\/prime3\/#website"},"datePublished":"2025-11-12T15:56:51+00:00","dateModified":"2026-01-05T13:33:20+00:00","breadcrumb":{"@id":"https:\/\/loja.treineprimefit.com.br\/prime3\/produto\/promo-semestral-black\/#breadcrumb"},"inLanguage":"pt-BR","potentialAction":[{"@type":"ReadAction","target":["https:\/\/loja.treineprimefit.com.br\/prime3\/produto\/promo-semestral-black\/"]}]},{"@type":"BreadcrumbList","@id":"https:\/\/loja.treineprimefit.com.br\/prime3\/produto\/promo-semestral-black\/#breadcrumb","itemListElement":[{"@type":"ListItem","position":1,"name":"In\u00edcio","item":"https:\/\/loja.treineprimefit.com.br\/prime3\/"},{"@type":"ListItem","position":2,"name":"Loja","item":"https:\/\/loja.treineprimefit.com.br\/prime3\/loja\/"},{"@type":"ListItem","position":3,"name":"PLANO SEMESTRAL"}]},{"@type":"WebSite","@id":"https:\/\/loja.treineprimefit.com.br\/prime3\/#website","url":"https:\/\/loja.treineprimefit.com.br\/prime3\/","name":"PRIME FIT - ITAPEMA - MEIA PRAIA","description":"","potentialAction":[{"@type":"SearchAction","target":{"@type":"EntryPoint","urlTemplate":"https:\/\/loja.treineprimefit.com.br\/prime3\/?s={search_term_string}"},"query-input":{"@type":"PropertyValueSpecification","valueRequired":true,"valueName":"search_term_string"}}],"inLanguage":"pt-BR"}]}},"jetpack_sharing_enabled":true,"_links":{"self":[{"href":"https:\/\/loja.treineprimefit.com.br\/prime3\/wp-json\/wp\/v2\/product\/1518","targetHints":{"allow":["GET"]}}],"collection":[{"href":"https:\/\/loja.treineprimefit.com.br\/prime3\/wp-json\/wp\/v2\/product"}],"about":[{"href":"https:\/\/loja.treineprimefit.com.br\/prime3\/wp-json\/wp\/v2\/types\/product"}],"wp:attachment":[{"href":"https:\/\/loja.treineprimefit.com.br\/prime3\/wp-json\/wp\/v2\/media?parent=1518"}],"wp:term":[{"taxonomy":"product_brand","embeddable":true,"href":"https:\/\/loja.treineprimefit.com.br\/prime3\/wp-json\/wp\/v2\/product_brand?post=1518"},{"taxonomy":"product_cat","embeddable":true,"href":"https:\/\/loja.treineprimefit.com.br\/prime3\/wp-json\/wp\/v2\/product_cat?post=1518"},{"taxonomy":"product_tag","embeddable":true,"href":"https:\/\/loja.treineprimefit.com.br\/prime3\/wp-json\/wp\/v2\/product_tag?post=1518"}],"curies":[{"name":"wp","href":"https:\/\/api.w.org\/{rel}","templated":true}]}}