{"id":624,"date":"2026-02-03T10:30:21","date_gmt":"2026-02-03T13:30:21","guid":{"rendered":"https:\/\/loja.treineprimefit.com.br\/prime4\/?post_type=product&#038;p=624"},"modified":"2026-03-20T16:23:01","modified_gmt":"2026-03-20T19:23:01","slug":"promo-9-meses-2-free","status":"publish","type":"product","link":"https:\/\/loja.treineprimefit.com.br\/prime4\/produto\/promo-9-meses-2-free\/","title":{"rendered":"PLANO 9 MESES + 2 FREE"},"content":{"rendered":"<p>PROMO\u00c7\u00c3O Plano 9 Meses + 2 Brinde! Total 11 meses &#8211; 9x R$ 79,90 ou R$660,00 \u00e0 vista<\/p>\n<ul>\n<li>Valor total do Plano: R$719,10, parcelado em at\u00e9 9&#215;79,90 ou R$660,00 \u00e0 vista (pix ou cr\u00e9dito 1x).<\/li>\n<li>Sem taxa de ades\u00e3o<\/li>\n<li>Sem taxa de manuten\u00e7\u00e3o<\/li>\n<li>Sem taxa de anuidade<\/li>\n<li>Na compra deste plano de 9 meses voc\u00ea ganha mais 2 meses de brinde!<\/li>\n<\/ul>\n<p>O plano inclui:<\/p>\n<ul>\n<li>Hor\u00e1rio livre<\/li>\n<li>Sem limite de acessos<\/li>\n<li>Acesso \u00e0 todas as unidade Prime Fit<\/li>\n<li>\u00c1rea de muscula\u00e7\u00e3o e aer\u00f3bicos<\/li>\n<li>Aulas de gin\u00e1stica e dan\u00e7a<\/li>\n<\/ul>\n<p>Menores de 18 anos:<\/p>\n<ul>\n<li>Menores de 18 anos precisam da presen\u00e7a do respons\u00e1vel na academia para assinatura dos contratos<\/li>\n<li>N\u00e3o ser\u00e3o vendidos planos para menores de 14 anos<\/li>\n<\/ul>\n","protected":false},"excerpt":{"rendered":"<p>PROMO\u00c7\u00c3O PLANO 9 MESES + 2 BRINDE. Matricule-se em uma unidade e tenha acesso \u00e0 todas as unidades Prime Fit.<\/p>\n","protected":false},"featured_media":0,"template":"","meta":[],"product_brand":[],"product_cat":[17],"product_tag":[],"class_list":{"0":"post-624","1":"product","2":"type-product","3":"status-publish","5":"product_cat-planos","7":"first","8":"instock","9":"virtual","10":"sold-individually","11":"purchasable","12":"product-type-simple"},"yoast_head":"<!-- This site is optimized with the Yoast SEO plugin v27.0 - https:\/\/yoast.com\/product\/yoast-seo-wordpress\/ -->\n<title>PLANO 9 MESES + 2 FREE - PRIME FIT - BRUSQUE<\/title>\n<meta name=\"robots\" content=\"index, follow, max-snippet:-1, max-image-preview:large, max-video-preview:-1\" \/>\n<link rel=\"canonical\" href=\"https:\/\/loja.treineprimefit.com.br\/prime4\/produto\/promo-9-meses-2-free\/\" \/>\n<meta property=\"og:locale\" content=\"pt_BR\" \/>\n<meta property=\"og:type\" content=\"article\" \/>\n<meta property=\"og:title\" content=\"PLANO 9 MESES + 2 FREE - PRIME FIT - BRUSQUE\" \/>\n<meta property=\"og:description\" content=\"PROMO\u00c7\u00c3O PLANO 9 MESES + 2 BRINDE. Matricule-se em uma unidade e tenha acesso \u00e0 todas as unidades Prime Fit.\" \/>\n<meta property=\"og:url\" content=\"https:\/\/loja.treineprimefit.com.br\/prime4\/produto\/promo-9-meses-2-free\/\" \/>\n<meta property=\"og:site_name\" content=\"PRIME FIT - BRUSQUE\" \/>\n<meta property=\"article:modified_time\" content=\"2026-03-20T19:23:01+00:00\" \/>\n<meta name=\"twitter:card\" content=\"summary_large_image\" \/>\n<meta name=\"twitter:label1\" content=\"Est. tempo de leitura\" \/>\n\t<meta name=\"twitter:data1\" content=\"1 minuto\" \/>\n<script type=\"application\/ld+json\" class=\"yoast-schema-graph\">{\"@context\":\"https:\/\/schema.org\",\"@graph\":[{\"@type\":\"WebPage\",\"@id\":\"https:\/\/loja.treineprimefit.com.br\/prime4\/produto\/promo-9-meses-2-free\/\",\"url\":\"https:\/\/loja.treineprimefit.com.br\/prime4\/produto\/promo-9-meses-2-free\/\",\"name\":\"PLANO 9 MESES + 2 FREE - PRIME FIT - BRUSQUE\",\"isPartOf\":{\"@id\":\"https:\/\/loja.treineprimefit.com.br\/prime4\/#website\"},\"datePublished\":\"2026-02-03T13:30:21+00:00\",\"dateModified\":\"2026-03-20T19:23:01+00:00\",\"breadcrumb\":{\"@id\":\"https:\/\/loja.treineprimefit.com.br\/prime4\/produto\/promo-9-meses-2-free\/#breadcrumb\"},\"inLanguage\":\"pt-BR\",\"potentialAction\":[{\"@type\":\"ReadAction\",\"target\":[\"https:\/\/loja.treineprimefit.com.br\/prime4\/produto\/promo-9-meses-2-free\/\"]}]},{\"@type\":\"BreadcrumbList\",\"@id\":\"https:\/\/loja.treineprimefit.com.br\/prime4\/produto\/promo-9-meses-2-free\/#breadcrumb\",\"itemListElement\":[{\"@type\":\"ListItem\",\"position\":1,\"name\":\"In\u00edcio\",\"item\":\"https:\/\/loja.treineprimefit.com.br\/prime4\/\"},{\"@type\":\"ListItem\",\"position\":2,\"name\":\"Loja\",\"item\":\"https:\/\/loja.treineprimefit.com.br\/prime4\/loja\/\"},{\"@type\":\"ListItem\",\"position\":3,\"name\":\"PLANO 9 MESES + 2 FREE\"}]},{\"@type\":\"WebSite\",\"@id\":\"https:\/\/loja.treineprimefit.com.br\/prime4\/#website\",\"url\":\"https:\/\/loja.treineprimefit.com.br\/prime4\/\",\"name\":\"PRIME FIT - BRUSQUE\",\"description\":\"\",\"potentialAction\":[{\"@type\":\"SearchAction\",\"target\":{\"@type\":\"EntryPoint\",\"urlTemplate\":\"https:\/\/loja.treineprimefit.com.br\/prime4\/?s={search_term_string}\"},\"query-input\":{\"@type\":\"PropertyValueSpecification\",\"valueRequired\":true,\"valueName\":\"search_term_string\"}}],\"inLanguage\":\"pt-BR\"}]}<\/script>\n<!-- \/ Yoast SEO plugin. -->","yoast_head_json":{"title":"PLANO 9 MESES + 2 FREE - PRIME FIT - BRUSQUE","robots":{"index":"index","follow":"follow","max-snippet":"max-snippet:-1","max-image-preview":"max-image-preview:large","max-video-preview":"max-video-preview:-1"},"canonical":"https:\/\/loja.treineprimefit.com.br\/prime4\/produto\/promo-9-meses-2-free\/","og_locale":"pt_BR","og_type":"article","og_title":"PLANO 9 MESES + 2 FREE - PRIME FIT - BRUSQUE","og_description":"PROMO\u00c7\u00c3O PLANO 9 MESES + 2 BRINDE. Matricule-se em uma unidade e tenha acesso \u00e0 todas as unidades Prime Fit.","og_url":"https:\/\/loja.treineprimefit.com.br\/prime4\/produto\/promo-9-meses-2-free\/","og_site_name":"PRIME FIT - BRUSQUE","article_modified_time":"2026-03-20T19:23:01+00:00","twitter_card":"summary_large_image","twitter_misc":{"Est. tempo de leitura":"1 minuto"},"schema":{"@context":"https:\/\/schema.org","@graph":[{"@type":"WebPage","@id":"https:\/\/loja.treineprimefit.com.br\/prime4\/produto\/promo-9-meses-2-free\/","url":"https:\/\/loja.treineprimefit.com.br\/prime4\/produto\/promo-9-meses-2-free\/","name":"PLANO 9 MESES + 2 FREE - PRIME FIT - BRUSQUE","isPartOf":{"@id":"https:\/\/loja.treineprimefit.com.br\/prime4\/#website"},"datePublished":"2026-02-03T13:30:21+00:00","dateModified":"2026-03-20T19:23:01+00:00","breadcrumb":{"@id":"https:\/\/loja.treineprimefit.com.br\/prime4\/produto\/promo-9-meses-2-free\/#breadcrumb"},"inLanguage":"pt-BR","potentialAction":[{"@type":"ReadAction","target":["https:\/\/loja.treineprimefit.com.br\/prime4\/produto\/promo-9-meses-2-free\/"]}]},{"@type":"BreadcrumbList","@id":"https:\/\/loja.treineprimefit.com.br\/prime4\/produto\/promo-9-meses-2-free\/#breadcrumb","itemListElement":[{"@type":"ListItem","position":1,"name":"In\u00edcio","item":"https:\/\/loja.treineprimefit.com.br\/prime4\/"},{"@type":"ListItem","position":2,"name":"Loja","item":"https:\/\/loja.treineprimefit.com.br\/prime4\/loja\/"},{"@type":"ListItem","position":3,"name":"PLANO 9 MESES + 2 FREE"}]},{"@type":"WebSite","@id":"https:\/\/loja.treineprimefit.com.br\/prime4\/#website","url":"https:\/\/loja.treineprimefit.com.br\/prime4\/","name":"PRIME FIT - BRUSQUE","description":"","potentialAction":[{"@type":"SearchAction","target":{"@type":"EntryPoint","urlTemplate":"https:\/\/loja.treineprimefit.com.br\/prime4\/?s={search_term_string}"},"query-input":{"@type":"PropertyValueSpecification","valueRequired":true,"valueName":"search_term_string"}}],"inLanguage":"pt-BR"}]}},"jetpack_sharing_enabled":true,"_links":{"self":[{"href":"https:\/\/loja.treineprimefit.com.br\/prime4\/wp-json\/wp\/v2\/product\/624","targetHints":{"allow":["GET"]}}],"collection":[{"href":"https:\/\/loja.treineprimefit.com.br\/prime4\/wp-json\/wp\/v2\/product"}],"about":[{"href":"https:\/\/loja.treineprimefit.com.br\/prime4\/wp-json\/wp\/v2\/types\/product"}],"wp:attachment":[{"href":"https:\/\/loja.treineprimefit.com.br\/prime4\/wp-json\/wp\/v2\/media?parent=624"}],"wp:term":[{"taxonomy":"product_brand","embeddable":true,"href":"https:\/\/loja.treineprimefit.com.br\/prime4\/wp-json\/wp\/v2\/product_brand?post=624"},{"taxonomy":"product_cat","embeddable":true,"href":"https:\/\/loja.treineprimefit.com.br\/prime4\/wp-json\/wp\/v2\/product_cat?post=624"},{"taxonomy":"product_tag","embeddable":true,"href":"https:\/\/loja.treineprimefit.com.br\/prime4\/wp-json\/wp\/v2\/product_tag?post=624"}],"curies":[{"name":"wp","href":"https:\/\/api.w.org\/{rel}","templated":true}]}}