{"id":30,"date":"2024-06-13T02:28:46","date_gmt":"2024-06-13T05:28:46","guid":{"rendered":"https:\/\/loja.treineprimefit.com.br\/prime5\/?post_type=product&#038;p=30"},"modified":"2025-03-30T23:57:54","modified_gmt":"2025-03-31T02:57:54","slug":"plano-recorrente-black","status":"publish","type":"product","link":"https:\/\/loja.treineprimefit.com.br\/prime5\/produto\/plano-recorrente-black\/","title":{"rendered":"PLANO RECORRENTE BLACK"},"content":{"rendered":"<p>Plano Recorrente Black<\/p>\n<ul>\n<li>Sem taxa de ades\u00e3o<\/li>\n<li>Sem taxa de manuten\u00e7\u00e3o<\/li>\n<li>Sem taxa de anuidade<\/li>\n<\/ul>\n<p>O plano inclui:<\/p>\n<ul>\n<li>Hor\u00e1rio livre<\/li>\n<li>Sem limite de acessos<\/li>\n<li>Acesso a todas as unidades da rede Prime Fit<\/li>\n<li>\u00c1rea de muscula\u00e7\u00e3o e aer\u00f3bicos<\/li>\n<li>Aulas de gin\u00e1stica e dan\u00e7a<\/li>\n<\/ul>\n<p>Fazendo sua matr\u00edcula no Plano Recorrente Black voc\u00ea paga uma mensalidade de R$139,00 e tem acesso livre a todas as academias Prime Fit.<\/p>\n<ul>\n<li>Menores de 18 anos precisam da presen\u00e7a do respons\u00e1vel na academia para assinatura dos contratos<\/li>\n<li>N\u00e3o ser\u00e3o vendidos planos para menores de 14 anos<\/li>\n<li>O plano Black no valor promocional mensal de R$139,00 tem uma fidelidade de 6 meses<\/li>\n<\/ul>\n","protected":false},"excerpt":{"rendered":"<p>Matricule-se em uma unidade e tenha acesso \u00e0 todas as unidades Prime Fit.<\/p>\n<p>Unidade para matr\u00edcula: Cambori\u00fa &#8211; Rua Cel Benjamin Vieira 485<\/p>\n","protected":false},"featured_media":50,"template":"","meta":[],"product_brand":[],"product_cat":[17],"product_tag":[],"class_list":{"0":"post-30","1":"product","2":"type-product","3":"status-publish","4":"has-post-thumbnail","6":"product_cat-planos","8":"first","9":"instock","10":"virtual","11":"sold-individually","12":"purchasable","13":"product-type-simple"},"yoast_head":"<!-- This site is optimized with the Yoast SEO plugin v27.0 - https:\/\/yoast.com\/product\/yoast-seo-wordpress\/ -->\n<title>PLANO RECORRENTE BLACK - PRIME FIT - CAMBORI\u00da<\/title>\n<meta name=\"robots\" content=\"index, follow, max-snippet:-1, max-image-preview:large, max-video-preview:-1\" \/>\n<link rel=\"canonical\" href=\"https:\/\/loja.treineprimefit.com.br\/prime5\/produto\/plano-recorrente-black\/\" \/>\n<meta property=\"og:locale\" content=\"pt_BR\" \/>\n<meta property=\"og:type\" content=\"article\" \/>\n<meta property=\"og:title\" content=\"PLANO RECORRENTE BLACK - PRIME FIT - CAMBORI\u00da\" \/>\n<meta property=\"og:description\" content=\"Matricule-se em uma unidade e tenha acesso \u00e0 todas as unidades Prime Fit.  Unidade para matr\u00edcula: Cambori\u00fa - Rua Cel Benjamin Vieira 485\" \/>\n<meta property=\"og:url\" content=\"https:\/\/loja.treineprimefit.com.br\/prime5\/produto\/plano-recorrente-black\/\" \/>\n<meta property=\"og:site_name\" content=\"PRIME FIT - CAMBORI\u00da\" \/>\n<meta property=\"article:modified_time\" content=\"2025-03-31T02:57:54+00:00\" \/>\n<meta property=\"og:image\" content=\"https:\/\/loja.treineprimefit.com.br\/prime5\/wp-content\/uploads\/sites\/6\/2024\/06\/recorrente_capa.jpg\" \/>\n\t<meta property=\"og:image:width\" content=\"751\" \/>\n\t<meta property=\"og:image:height\" content=\"484\" \/>\n\t<meta property=\"og:image:type\" content=\"image\/jpeg\" \/>\n<meta name=\"twitter:card\" content=\"summary_large_image\" \/>\n<meta name=\"twitter:label1\" content=\"Est. tempo de leitura\" \/>\n\t<meta name=\"twitter:data1\" content=\"1 minuto\" \/>\n<script type=\"application\/ld+json\" class=\"yoast-schema-graph\">{\"@context\":\"https:\/\/schema.org\",\"@graph\":[{\"@type\":\"WebPage\",\"@id\":\"https:\/\/loja.treineprimefit.com.br\/prime5\/produto\/plano-recorrente-black\/\",\"url\":\"https:\/\/loja.treineprimefit.com.br\/prime5\/produto\/plano-recorrente-black\/\",\"name\":\"PLANO RECORRENTE BLACK - PRIME FIT - CAMBORI\u00da\",\"isPartOf\":{\"@id\":\"https:\/\/loja.treineprimefit.com.br\/prime5\/#website\"},\"primaryImageOfPage\":{\"@id\":\"https:\/\/loja.treineprimefit.com.br\/prime5\/produto\/plano-recorrente-black\/#primaryimage\"},\"image\":{\"@id\":\"https:\/\/loja.treineprimefit.com.br\/prime5\/produto\/plano-recorrente-black\/#primaryimage\"},\"thumbnailUrl\":\"https:\/\/loja.treineprimefit.com.br\/prime5\/wp-content\/uploads\/sites\/6\/2024\/06\/recorrente_capa.jpg\",\"datePublished\":\"2024-06-13T05:28:46+00:00\",\"dateModified\":\"2025-03-31T02:57:54+00:00\",\"breadcrumb\":{\"@id\":\"https:\/\/loja.treineprimefit.com.br\/prime5\/produto\/plano-recorrente-black\/#breadcrumb\"},\"inLanguage\":\"pt-BR\",\"potentialAction\":[{\"@type\":\"ReadAction\",\"target\":[\"https:\/\/loja.treineprimefit.com.br\/prime5\/produto\/plano-recorrente-black\/\"]}]},{\"@type\":\"ImageObject\",\"inLanguage\":\"pt-BR\",\"@id\":\"https:\/\/loja.treineprimefit.com.br\/prime5\/produto\/plano-recorrente-black\/#primaryimage\",\"url\":\"https:\/\/loja.treineprimefit.com.br\/prime5\/wp-content\/uploads\/sites\/6\/2024\/06\/recorrente_capa.jpg\",\"contentUrl\":\"https:\/\/loja.treineprimefit.com.br\/prime5\/wp-content\/uploads\/sites\/6\/2024\/06\/recorrente_capa.jpg\",\"width\":751,\"height\":484},{\"@type\":\"BreadcrumbList\",\"@id\":\"https:\/\/loja.treineprimefit.com.br\/prime5\/produto\/plano-recorrente-black\/#breadcrumb\",\"itemListElement\":[{\"@type\":\"ListItem\",\"position\":1,\"name\":\"In\u00edcio\",\"item\":\"https:\/\/loja.treineprimefit.com.br\/prime5\/\"},{\"@type\":\"ListItem\",\"position\":2,\"name\":\"Loja\",\"item\":\"https:\/\/loja.treineprimefit.com.br\/prime5\/loja\/\"},{\"@type\":\"ListItem\",\"position\":3,\"name\":\"PLANO RECORRENTE BLACK\"}]},{\"@type\":\"WebSite\",\"@id\":\"https:\/\/loja.treineprimefit.com.br\/prime5\/#website\",\"url\":\"https:\/\/loja.treineprimefit.com.br\/prime5\/\",\"name\":\"PRIME FIT - CAMBORI\u00da\",\"description\":\"\",\"potentialAction\":[{\"@type\":\"SearchAction\",\"target\":{\"@type\":\"EntryPoint\",\"urlTemplate\":\"https:\/\/loja.treineprimefit.com.br\/prime5\/?s={search_term_string}\"},\"query-input\":{\"@type\":\"PropertyValueSpecification\",\"valueRequired\":true,\"valueName\":\"search_term_string\"}}],\"inLanguage\":\"pt-BR\"}]}<\/script>\n<!-- \/ Yoast SEO plugin. -->","yoast_head_json":{"title":"PLANO RECORRENTE BLACK - PRIME FIT - CAMBORI\u00da","robots":{"index":"index","follow":"follow","max-snippet":"max-snippet:-1","max-image-preview":"max-image-preview:large","max-video-preview":"max-video-preview:-1"},"canonical":"https:\/\/loja.treineprimefit.com.br\/prime5\/produto\/plano-recorrente-black\/","og_locale":"pt_BR","og_type":"article","og_title":"PLANO RECORRENTE BLACK - PRIME FIT - CAMBORI\u00da","og_description":"Matricule-se em uma unidade e tenha acesso \u00e0 todas as unidades Prime Fit.  Unidade para matr\u00edcula: Cambori\u00fa - Rua Cel Benjamin Vieira 485","og_url":"https:\/\/loja.treineprimefit.com.br\/prime5\/produto\/plano-recorrente-black\/","og_site_name":"PRIME FIT - CAMBORI\u00da","article_modified_time":"2025-03-31T02:57:54+00:00","og_image":[{"width":751,"height":484,"url":"https:\/\/loja.treineprimefit.com.br\/prime5\/wp-content\/uploads\/sites\/6\/2024\/06\/recorrente_capa.jpg","type":"image\/jpeg"}],"twitter_card":"summary_large_image","twitter_misc":{"Est. tempo de leitura":"1 minuto"},"schema":{"@context":"https:\/\/schema.org","@graph":[{"@type":"WebPage","@id":"https:\/\/loja.treineprimefit.com.br\/prime5\/produto\/plano-recorrente-black\/","url":"https:\/\/loja.treineprimefit.com.br\/prime5\/produto\/plano-recorrente-black\/","name":"PLANO RECORRENTE BLACK - PRIME FIT - CAMBORI\u00da","isPartOf":{"@id":"https:\/\/loja.treineprimefit.com.br\/prime5\/#website"},"primaryImageOfPage":{"@id":"https:\/\/loja.treineprimefit.com.br\/prime5\/produto\/plano-recorrente-black\/#primaryimage"},"image":{"@id":"https:\/\/loja.treineprimefit.com.br\/prime5\/produto\/plano-recorrente-black\/#primaryimage"},"thumbnailUrl":"https:\/\/loja.treineprimefit.com.br\/prime5\/wp-content\/uploads\/sites\/6\/2024\/06\/recorrente_capa.jpg","datePublished":"2024-06-13T05:28:46+00:00","dateModified":"2025-03-31T02:57:54+00:00","breadcrumb":{"@id":"https:\/\/loja.treineprimefit.com.br\/prime5\/produto\/plano-recorrente-black\/#breadcrumb"},"inLanguage":"pt-BR","potentialAction":[{"@type":"ReadAction","target":["https:\/\/loja.treineprimefit.com.br\/prime5\/produto\/plano-recorrente-black\/"]}]},{"@type":"ImageObject","inLanguage":"pt-BR","@id":"https:\/\/loja.treineprimefit.com.br\/prime5\/produto\/plano-recorrente-black\/#primaryimage","url":"https:\/\/loja.treineprimefit.com.br\/prime5\/wp-content\/uploads\/sites\/6\/2024\/06\/recorrente_capa.jpg","contentUrl":"https:\/\/loja.treineprimefit.com.br\/prime5\/wp-content\/uploads\/sites\/6\/2024\/06\/recorrente_capa.jpg","width":751,"height":484},{"@type":"BreadcrumbList","@id":"https:\/\/loja.treineprimefit.com.br\/prime5\/produto\/plano-recorrente-black\/#breadcrumb","itemListElement":[{"@type":"ListItem","position":1,"name":"In\u00edcio","item":"https:\/\/loja.treineprimefit.com.br\/prime5\/"},{"@type":"ListItem","position":2,"name":"Loja","item":"https:\/\/loja.treineprimefit.com.br\/prime5\/loja\/"},{"@type":"ListItem","position":3,"name":"PLANO RECORRENTE BLACK"}]},{"@type":"WebSite","@id":"https:\/\/loja.treineprimefit.com.br\/prime5\/#website","url":"https:\/\/loja.treineprimefit.com.br\/prime5\/","name":"PRIME FIT - CAMBORI\u00da","description":"","potentialAction":[{"@type":"SearchAction","target":{"@type":"EntryPoint","urlTemplate":"https:\/\/loja.treineprimefit.com.br\/prime5\/?s={search_term_string}"},"query-input":{"@type":"PropertyValueSpecification","valueRequired":true,"valueName":"search_term_string"}}],"inLanguage":"pt-BR"}]}},"jetpack_sharing_enabled":true,"_links":{"self":[{"href":"https:\/\/loja.treineprimefit.com.br\/prime5\/wp-json\/wp\/v2\/product\/30","targetHints":{"allow":["GET"]}}],"collection":[{"href":"https:\/\/loja.treineprimefit.com.br\/prime5\/wp-json\/wp\/v2\/product"}],"about":[{"href":"https:\/\/loja.treineprimefit.com.br\/prime5\/wp-json\/wp\/v2\/types\/product"}],"wp:featuredmedia":[{"embeddable":true,"href":"https:\/\/loja.treineprimefit.com.br\/prime5\/wp-json\/wp\/v2\/media\/50"}],"wp:attachment":[{"href":"https:\/\/loja.treineprimefit.com.br\/prime5\/wp-json\/wp\/v2\/media?parent=30"}],"wp:term":[{"taxonomy":"product_brand","embeddable":true,"href":"https:\/\/loja.treineprimefit.com.br\/prime5\/wp-json\/wp\/v2\/product_brand?post=30"},{"taxonomy":"product_cat","embeddable":true,"href":"https:\/\/loja.treineprimefit.com.br\/prime5\/wp-json\/wp\/v2\/product_cat?post=30"},{"taxonomy":"product_tag","embeddable":true,"href":"https:\/\/loja.treineprimefit.com.br\/prime5\/wp-json\/wp\/v2\/product_tag?post=30"}],"curies":[{"name":"wp","href":"https:\/\/api.w.org\/{rel}","templated":true}]}}